{"id":2538,"date":"2021-02-08T12:18:32","date_gmt":"2021-02-08T12:18:32","guid":{"rendered":"https:\/\/muchaconstruction.ch\/?page_id=2538"},"modified":"2022-07-25T13:52:34","modified_gmt":"2022-07-25T11:52:34","slug":"contactez-nous-mucha-construction","status":"publish","type":"page","link":"https:\/\/mdessintechnique.ch\/pt\/contactez-nous-mucha-construction\/","title":{"rendered":"CONTACTE-NOS"},"content":{"rendered":"\t\t<div data-elementor-type=\"wp-page\" data-elementor-id=\"2538\" class=\"elementor elementor-2538\" data-elementor-post-type=\"page\">\n\t\t\t\t\t\t<section class=\"elementor-section elementor-top-section elementor-element elementor-element-693fadd elementor-section-stretched elementor-section-boxed elementor-section-height-default elementor-section-height-default\" data-id=\"693fadd\" data-element_type=\"section\" data-e-type=\"section\" data-settings=\"{&quot;stretch_section&quot;:&quot;section-stretched&quot;,&quot;background_background&quot;:&quot;classic&quot;}\">\n\t\t\t\t\t\t\t<div class=\"elementor-background-overlay\"><\/div>\n\t\t\t\t\t\t\t<div class=\"elementor-container elementor-column-gap-default\">\n\t\t\t\t\t<div class=\"elementor-column elementor-col-100 elementor-top-column elementor-element elementor-element-f09f4cc\" data-id=\"f09f4cc\" data-element_type=\"column\" data-e-type=\"column\">\n\t\t\t<div class=\"elementor-widget-wrap elementor-element-populated\">\n\t\t\t\t\t\t<div class=\"elementor-element elementor-element-4171aef elementor-widget elementor-widget-spacer\" data-id=\"4171aef\" data-element_type=\"widget\" data-e-type=\"widget\" data-widget_type=\"spacer.default\">\n\t\t\t\t<div class=\"elementor-widget-container\">\n\t\t\t\t\t\t\t<div class=\"elementor-spacer\">\n\t\t\t<div class=\"elementor-spacer-inner\"><\/div>\n\t\t<\/div>\n\t\t\t\t\t\t<\/div>\n\t\t\t\t<\/div>\n\t\t\t\t<div class=\"elementor-element elementor-element-7822fe0 elementor-widget elementor-widget-heading\" data-id=\"7822fe0\" data-element_type=\"widget\" data-e-type=\"widget\" data-widget_type=\"heading.default\">\n\t\t\t\t<div class=\"elementor-widget-container\">\n\t\t\t\t\t<h2 class=\"elementor-heading-title elementor-size-default\">CONTACTEZ-NOUS<\/h2>\t\t\t\t<\/div>\n\t\t\t\t<\/div>\n\t\t\t\t<div class=\"elementor-element elementor-element-2dd2893 elementor-widget-divider--view-line elementor-widget elementor-widget-divider\" data-id=\"2dd2893\" data-element_type=\"widget\" data-e-type=\"widget\" data-widget_type=\"divider.default\">\n\t\t\t\t<div class=\"elementor-widget-container\">\n\t\t\t\t\t\t\t<div class=\"elementor-divider\">\n\t\t\t<span class=\"elementor-divider-separator\">\n\t\t\t\t\t\t<\/span>\n\t\t<\/div>\n\t\t\t\t\t\t<\/div>\n\t\t\t\t<\/div>\n\t\t\t\t<div class=\"elementor-element elementor-element-d3354ea elementor-widget elementor-widget-spacer\" data-id=\"d3354ea\" data-element_type=\"widget\" data-e-type=\"widget\" data-widget_type=\"spacer.default\">\n\t\t\t\t<div class=\"elementor-widget-container\">\n\t\t\t\t\t\t\t<div class=\"elementor-spacer\">\n\t\t\t<div class=\"elementor-spacer-inner\"><\/div>\n\t\t<\/div>\n\t\t\t\t\t\t<\/div>\n\t\t\t\t<\/div>\n\t\t\t\t\t<\/div>\n\t\t<\/div>\n\t\t\t\t\t<\/div>\n\t\t<\/section>\n\t\t\t\t<section class=\"elementor-section elementor-top-section elementor-element elementor-element-4d1d2d0 elementor-section-boxed elementor-section-height-default elementor-section-height-default\" data-id=\"4d1d2d0\" data-element_type=\"section\" data-e-type=\"section\">\n\t\t\t\t\t\t<div class=\"elementor-container elementor-column-gap-default\">\n\t\t\t\t\t<div class=\"elementor-column elementor-col-50 elementor-top-column elementor-element elementor-element-8f5d25b\" data-id=\"8f5d25b\" data-element_type=\"column\" data-e-type=\"column\">\n\t\t\t<div class=\"elementor-widget-wrap elementor-element-populated\">\n\t\t\t\t\t\t<div class=\"elementor-element elementor-element-f8c0abb elementor-widget elementor-widget-spacer\" data-id=\"f8c0abb\" data-element_type=\"widget\" data-e-type=\"widget\" data-widget_type=\"spacer.default\">\n\t\t\t\t<div class=\"elementor-widget-container\">\n\t\t\t\t\t\t\t<div class=\"elementor-spacer\">\n\t\t\t<div class=\"elementor-spacer-inner\"><\/div>\n\t\t<\/div>\n\t\t\t\t\t\t<\/div>\n\t\t\t\t<\/div>\n\t\t\t\t<div class=\"elementor-element elementor-element-ecfea75 elementor-icon-list--layout-traditional elementor-list-item-link-full_width elementor-widget elementor-widget-icon-list\" data-id=\"ecfea75\" data-element_type=\"widget\" data-e-type=\"widget\" data-widget_type=\"icon-list.default\">\n\t\t\t\t<div class=\"elementor-widget-container\">\n\t\t\t\t\t\t\t<ul class=\"elementor-icon-list-items\">\n\t\t\t\t\t\t\t<li class=\"elementor-icon-list-item\">\n\t\t\t\t\t\t\t\t\t\t\t<span class=\"elementor-icon-list-icon\">\n\t\t\t\t\t\t\t<i aria-hidden=\"true\" class=\"fas fa-phone-alt\"><\/i>\t\t\t\t\t\t<\/span>\n\t\t\t\t\t\t\t\t\t\t<span class=\"elementor-icon-list-text\">0041 78 819 32 46 <\/span>\n\t\t\t\t\t\t\t\t\t<\/li>\n\t\t\t\t\t\t\t\t<li class=\"elementor-icon-list-item\">\n\t\t\t\t\t\t\t\t\t\t\t<a href=\"mailto:info@mdessintechnique.ch\">\n\n\t\t\t\t\t\t\t\t\t\t\t\t<span class=\"elementor-icon-list-icon\">\n\t\t\t\t\t\t\t<i aria-hidden=\"true\" class=\"fas fa-envelope-open-text\"><\/i>\t\t\t\t\t\t<\/span>\n\t\t\t\t\t\t\t\t\t\t<span class=\"elementor-icon-list-text\">info@mdessintechnique.ch<\/span>\n\t\t\t\t\t\t\t\t\t\t\t<\/a>\n\t\t\t\t\t\t\t\t\t<\/li>\n\t\t\t\t\t\t<\/ul>\n\t\t\t\t\t\t<\/div>\n\t\t\t\t<\/div>\n\t\t\t\t<div class=\"elementor-element elementor-element-d7d7319 elementor-widget elementor-widget-google_maps\" data-id=\"d7d7319\" data-element_type=\"widget\" data-e-type=\"widget\" data-widget_type=\"google_maps.default\">\n\t\t\t\t<div class=\"elementor-widget-container\">\n\t\t\t\t\t\t\t<div class=\"elementor-custom-embed\">\n\t\t\t<iframe loading=\"lazy\"\n\t\t\t\t\tsrc=\"https:\/\/maps.google.com\/maps?q=%20Rue%20du%20Coteau%20n%C2%B0%201%20-%201958-St-L%C3%A9onard%20&#038;t=m&#038;z=15&#038;output=embed&#038;iwloc=near\"\n\t\t\t\t\ttitle=\" Rue du Coteau n\u00b0 1 - 1958-St-L\u00e9onard \"\n\t\t\t\t\taria-label=\" Rue du Coteau n\u00b0 1 - 1958-St-L\u00e9onard \"\n\t\t\t><\/iframe>\n\t\t<\/div>\n\t\t\t\t\t\t<\/div>\n\t\t\t\t<\/div>\n\t\t\t\t\t<\/div>\n\t\t<\/div>\n\t\t\t\t<div class=\"elementor-column elementor-col-50 elementor-top-column elementor-element elementor-element-cfbd141\" data-id=\"cfbd141\" data-element_type=\"column\" data-e-type=\"column\">\n\t\t\t<div class=\"elementor-widget-wrap elementor-element-populated\">\n\t\t\t\t\t\t<div class=\"elementor-element elementor-element-2fc586e elementor-widget elementor-widget-spacer\" data-id=\"2fc586e\" data-element_type=\"widget\" data-e-type=\"widget\" data-widget_type=\"spacer.default\">\n\t\t\t\t<div class=\"elementor-widget-container\">\n\t\t\t\t\t\t\t<div class=\"elementor-spacer\">\n\t\t\t<div class=\"elementor-spacer-inner\"><\/div>\n\t\t<\/div>\n\t\t\t\t\t\t<\/div>\n\t\t\t\t<\/div>\n\t\t\t\t<div class=\"elementor-element elementor-element-806860e elementor-button-align-stretch elementor-widget elementor-widget-form\" data-id=\"806860e\" data-element_type=\"widget\" data-e-type=\"widget\" data-settings=\"{&quot;step_next_label&quot;:&quot;Next&quot;,&quot;step_previous_label&quot;:&quot;Previous&quot;,&quot;button_width&quot;:&quot;100&quot;,&quot;step_type&quot;:&quot;number_text&quot;,&quot;step_icon_shape&quot;:&quot;circle&quot;}\" data-widget_type=\"form.default\">\n\t\t\t\t<div class=\"elementor-widget-container\">\n\t\t\t\t\t\t\t<form class=\"elementor-form\" method=\"post\" name=\"New Form\" aria-label=\"New Form\">\n\t\t\t<input type=\"hidden\" name=\"post_id\" value=\"2538\"\/>\n\t\t\t<input type=\"hidden\" name=\"form_id\" value=\"806860e\"\/>\n\t\t\t<input type=\"hidden\" name=\"referer_title\" value=\"Mdessin technique S\u00c0RL - Contactez-nous -\" \/>\n\n\t\t\t\t\t\t\t<input type=\"hidden\" name=\"queried_id\" value=\"2538\"\/>\n\t\t\t\n\t\t\t<div class=\"elementor-form-fields-wrapper elementor-labels-above\">\n\t\t\t\t\t\t\t\t<div class=\"elementor-field-type-text elementor-field-group elementor-column elementor-field-group-name elementor-col-100 elementor-field-required elementor-mark-required\">\n\t\t\t\t\t\t\t\t\t\t\t\t<label for=\"form-field-name\" class=\"elementor-field-label\">\n\t\t\t\t\t\t\t\tNom\t\t\t\t\t\t\t<\/label>\n\t\t\t\t\t\t\t\t\t\t\t\t\t\t<input size=\"1\" type=\"text\" name=\"form_fields[name]\" id=\"form-field-name\" class=\"elementor-field elementor-size-sm  elementor-field-textual\" placeholder=\"Nom\" required=\"required\">\n\t\t\t\t\t\t\t\t\t\t\t<\/div>\n\t\t\t\t\t\t\t\t<div class=\"elementor-field-type-email elementor-field-group elementor-column elementor-field-group-email elementor-col-100 elementor-field-required elementor-mark-required\">\n\t\t\t\t\t\t\t\t\t\t\t\t<label for=\"form-field-email\" class=\"elementor-field-label\">\n\t\t\t\t\t\t\t\tEmail\t\t\t\t\t\t\t<\/label>\n\t\t\t\t\t\t\t\t\t\t\t\t\t\t<input size=\"1\" type=\"email\" name=\"form_fields[email]\" id=\"form-field-email\" class=\"elementor-field elementor-size-sm  elementor-field-textual\" placeholder=\"Email\" required=\"required\">\n\t\t\t\t\t\t\t\t\t\t\t<\/div>\n\t\t\t\t\t\t\t\t<div class=\"elementor-field-type-number elementor-field-group elementor-column elementor-field-group-field_c63a0de elementor-col-100\">\n\t\t\t\t\t\t\t\t\t\t\t\t<label for=\"form-field-field_c63a0de\" class=\"elementor-field-label\">\n\t\t\t\t\t\t\t\tT\u00e9l\u00e9phone\t\t\t\t\t\t\t<\/label>\n\t\t\t\t\t\t\t\t\t<input type=\"number\" name=\"form_fields[field_c63a0de]\" id=\"form-field-field_c63a0de\" class=\"elementor-field elementor-size-sm  elementor-field-textual\" placeholder=\"T\u00e9l\u00e9phone\" min=\"\" max=\"\" >\n\t\t\t\t\t\t<\/div>\n\t\t\t\t\t\t\t\t<div class=\"elementor-field-type-textarea elementor-field-group elementor-column elementor-field-group-message elementor-col-100 elementor-field-required elementor-mark-required\">\n\t\t\t\t\t\t\t\t\t\t\t\t<label for=\"form-field-message\" class=\"elementor-field-label\">\n\t\t\t\t\t\t\t\tMessage\t\t\t\t\t\t\t<\/label>\n\t\t\t\t\t\t<textarea class=\"elementor-field-textual elementor-field  elementor-size-sm\" name=\"form_fields[message]\" id=\"form-field-message\" rows=\"4\" required=\"required\"><\/textarea>\t\t\t\t<\/div>\n\t\t\t\t\t\t\t\t<div class=\"elementor-field-type-acceptance elementor-field-group elementor-column elementor-field-group-field_8951626 elementor-col-100 elementor-field-required elementor-mark-required\">\n\t\t\t\t\t\t\t<div class=\"elementor-field-subgroup\">\n\t\t\t<span class=\"elementor-field-option\">\n\t\t\t\t<input type=\"checkbox\" name=\"form_fields[field_8951626]\" id=\"form-field-field_8951626\" class=\"elementor-field elementor-size-sm  elementor-acceptance-field\" required=\"required\">\n\t\t\t\t<label for=\"form-field-field_8951626\">En soumettant le formulaire, vous acceptez notre politique de confidentialit\u00e9<\/label>\t\t\t<\/span>\n\t\t<\/div>\n\t\t\t\t\t\t<\/div>\n\t\t\t\t\t\t\t\t<div class=\"elementor-field-type-recaptcha elementor-field-group elementor-column elementor-field-group-field_2a3536b elementor-col-100\">\n\t\t\t\t\t<div class=\"elementor-field\" id=\"form-field-field_2a3536b\"><div class=\"elementor-g-recaptcha\" data-sitekey=\"6Ld6Tz8cAAAAAAqlwgt0d-XBaTREAxnfbZvfSW-f\" data-type=\"v2_checkbox\" data-theme=\"light\" data-size=\"normal\"><\/div><\/div>\t\t\t\t<\/div>\n\t\t\t\t\t\t\t\t<div class=\"elementor-field-group elementor-column elementor-field-type-submit elementor-col-100 e-form__buttons\">\n\t\t\t\t\t<button class=\"elementor-button elementor-size-sm\" type=\"submit\">\n\t\t\t\t\t\t<span class=\"elementor-button-content-wrapper\">\n\t\t\t\t\t\t\t\t\t\t\t\t\t\t\t\t\t\t\t\t\t\t<span class=\"elementor-button-text\">Envoyer une demande<\/span>\n\t\t\t\t\t\t\t\t\t\t\t\t\t<\/span>\n\t\t\t\t\t<\/button>\n\t\t\t\t<\/div>\n\t\t\t<\/div>\n\t\t<\/form>\n\t\t\t\t\t\t<\/div>\n\t\t\t\t<\/div>\n\t\t\t\t\t<\/div>\n\t\t<\/div>\n\t\t\t\t\t<\/div>\n\t\t<\/section>\n\t\t\t\t<\/div>\n\t\t","protected":false},"excerpt":{"rendered":"<p>CONTACTEZ-NOUS 0041 78 819 32 46 info@mdessintechnique.ch<\/p>","protected":false},"author":2,"featured_media":0,"parent":0,"menu_order":0,"comment_status":"closed","ping_status":"closed","template":"page-templates\/template-pagebuilder-full-width.php","meta":{"neve_meta_sidebar":"full-width","neve_meta_container":"","neve_meta_enable_content_width":"on","neve_meta_content_width":100,"neve_meta_title_alignment":"","neve_meta_author_avatar":"","neve_post_elements_order":"","neve_meta_disable_header":"","neve_meta_disable_footer":"","neve_meta_disable_title":"","footnotes":""},"class_list":["post-2538","page","type-page","status-publish","hentry"],"yoast_head":"<!-- This site is optimized with the Yoast SEO plugin v27.2 - https:\/\/yoast.com\/product\/yoast-seo-wordpress\/ -->\n<title>Mdessin technique S\u00c0RL - Contactez-nous -<\/title>\n<meta name=\"description\" content=\"Mdessintechnique S\u00e0rl Architecture est une entreprise d&#039;architecture et de construction civile \u00e0 St-L\u00e9onard en Suisse. Nous sommes sp\u00e9cialis\u00e9s dans le b\u00e9ton\" \/>\n<meta name=\"robots\" content=\"index, follow, max-snippet:-1, max-image-preview:large, max-video-preview:-1\" \/>\n<link rel=\"canonical\" href=\"https:\/\/mdessintechnique.ch\/pt\/contactez-nous-mucha-construction\/\" \/>\n<meta property=\"og:locale\" content=\"pt_PT\" \/>\n<meta property=\"og:type\" content=\"article\" \/>\n<meta property=\"og:title\" content=\"Mdessin technique S\u00c0RL - Contactez-nous -\" \/>\n<meta property=\"og:description\" content=\"Mdessintechnique S\u00e0rl Architecture est une entreprise d&#039;architecture et de construction civile \u00e0 St-L\u00e9onard en Suisse. Nous sommes sp\u00e9cialis\u00e9s dans le b\u00e9ton\" \/>\n<meta property=\"og:url\" content=\"https:\/\/mdessintechnique.ch\/pt\/contactez-nous-mucha-construction\/\" \/>\n<meta property=\"og:site_name\" content=\"Mdessin Technique S\u00c0RL\" \/>\n<meta property=\"article:modified_time\" content=\"2022-07-25T11:52:34+00:00\" \/>\n<meta name=\"twitter:card\" content=\"summary_large_image\" \/>\n<meta name=\"twitter:label1\" content=\"Tempo estimado de leitura\" \/>\n\t<meta name=\"twitter:data1\" content=\"1 minuto\" \/>\n<script type=\"application\/ld+json\" class=\"yoast-schema-graph\">{\"@context\":\"https:\/\/schema.org\",\"@graph\":[{\"@type\":\"WebPage\",\"@id\":\"https:\/\/mdessintechnique.ch\/contactez-nous-mucha-construction\/\",\"url\":\"https:\/\/mdessintechnique.ch\/contactez-nous-mucha-construction\/\",\"name\":\"Mdessin technique S\u00c0RL - Contactez-nous -\",\"isPartOf\":{\"@id\":\"https:\/\/mdessintechnique.ch\/#website\"},\"datePublished\":\"2021-02-08T12:18:32+00:00\",\"dateModified\":\"2022-07-25T11:52:34+00:00\",\"description\":\"Mdessintechnique S\u00e0rl Architecture est une entreprise d'architecture et de construction civile \u00e0 St-L\u00e9onard en Suisse. Nous sommes sp\u00e9cialis\u00e9s dans le b\u00e9ton\",\"breadcrumb\":{\"@id\":\"https:\/\/mdessintechnique.ch\/contactez-nous-mucha-construction\/#breadcrumb\"},\"inLanguage\":\"pt-PT\",\"potentialAction\":[{\"@type\":\"ReadAction\",\"target\":[\"https:\/\/mdessintechnique.ch\/contactez-nous-mucha-construction\/\"]}]},{\"@type\":\"BreadcrumbList\",\"@id\":\"https:\/\/mdessintechnique.ch\/contactez-nous-mucha-construction\/#breadcrumb\",\"itemListElement\":[{\"@type\":\"ListItem\",\"position\":1,\"name\":\"In\u00edcio\",\"item\":\"https:\/\/mdessintechnique.ch\/\"},{\"@type\":\"ListItem\",\"position\":2,\"name\":\"CONTACTEZ-NOUS\"}]},{\"@type\":\"WebSite\",\"@id\":\"https:\/\/mdessintechnique.ch\/#website\",\"url\":\"https:\/\/mdessintechnique.ch\/\",\"name\":\"Mdessin Technique S\u00c0RL\",\"description\":\"Prestations pour Ing\u00e9nieurs en G\u00e9nie Civil et B\u00e9ton arm\u00e9\",\"publisher\":{\"@id\":\"https:\/\/mdessintechnique.ch\/#organization\"},\"potentialAction\":[{\"@type\":\"SearchAction\",\"target\":{\"@type\":\"EntryPoint\",\"urlTemplate\":\"https:\/\/mdessintechnique.ch\/?s={search_term_string}\"},\"query-input\":{\"@type\":\"PropertyValueSpecification\",\"valueRequired\":true,\"valueName\":\"search_term_string\"}}],\"inLanguage\":\"pt-PT\"},{\"@type\":\"Organization\",\"@id\":\"https:\/\/mdessintechnique.ch\/#organization\",\"name\":\"Mdessin Technique S\u00c0RL\",\"url\":\"https:\/\/mdessintechnique.ch\/\",\"logo\":{\"@type\":\"ImageObject\",\"inLanguage\":\"pt-PT\",\"@id\":\"https:\/\/mdessintechnique.ch\/#\/schema\/logo\/image\/\",\"url\":\"https:\/\/mdessintechnique.ch\/wp-content\/uploads\/2021\/09\/cropped-mdessign-logo-1.png\",\"contentUrl\":\"https:\/\/mdessintechnique.ch\/wp-content\/uploads\/2021\/09\/cropped-mdessign-logo-1.png\",\"width\":1200,\"height\":324,\"caption\":\"Mdessin Technique S\u00c0RL\"},\"image\":{\"@id\":\"https:\/\/mdessintechnique.ch\/#\/schema\/logo\/image\/\"}}]}<\/script>\n<!-- \/ Yoast SEO plugin. -->","yoast_head_json":{"title":"Mdessin technique S\u00c0RL - Contactez-nous -","description":"Mdessintechnique S\u00e0rl Architecture est une entreprise d'architecture et de construction civile \u00e0 St-L\u00e9onard en Suisse. Nous sommes sp\u00e9cialis\u00e9s dans le b\u00e9ton","robots":{"index":"index","follow":"follow","max-snippet":"max-snippet:-1","max-image-preview":"max-image-preview:large","max-video-preview":"max-video-preview:-1"},"canonical":"https:\/\/mdessintechnique.ch\/pt\/contactez-nous-mucha-construction\/","og_locale":"pt_PT","og_type":"article","og_title":"Mdessin technique S\u00c0RL - Contactez-nous -","og_description":"Mdessintechnique S\u00e0rl Architecture est une entreprise d'architecture et de construction civile \u00e0 St-L\u00e9onard en Suisse. Nous sommes sp\u00e9cialis\u00e9s dans le b\u00e9ton","og_url":"https:\/\/mdessintechnique.ch\/pt\/contactez-nous-mucha-construction\/","og_site_name":"Mdessin Technique S\u00c0RL","article_modified_time":"2022-07-25T11:52:34+00:00","twitter_card":"summary_large_image","twitter_misc":{"Tempo estimado de leitura":"1 minuto"},"schema":{"@context":"https:\/\/schema.org","@graph":[{"@type":"WebPage","@id":"https:\/\/mdessintechnique.ch\/contactez-nous-mucha-construction\/","url":"https:\/\/mdessintechnique.ch\/contactez-nous-mucha-construction\/","name":"Mdessin technique S\u00c0RL - Contactez-nous -","isPartOf":{"@id":"https:\/\/mdessintechnique.ch\/#website"},"datePublished":"2021-02-08T12:18:32+00:00","dateModified":"2022-07-25T11:52:34+00:00","description":"Mdessintechnique S\u00e0rl Architecture est une entreprise d'architecture et de construction civile \u00e0 St-L\u00e9onard en Suisse. Nous sommes sp\u00e9cialis\u00e9s dans le b\u00e9ton","breadcrumb":{"@id":"https:\/\/mdessintechnique.ch\/contactez-nous-mucha-construction\/#breadcrumb"},"inLanguage":"pt-PT","potentialAction":[{"@type":"ReadAction","target":["https:\/\/mdessintechnique.ch\/contactez-nous-mucha-construction\/"]}]},{"@type":"BreadcrumbList","@id":"https:\/\/mdessintechnique.ch\/contactez-nous-mucha-construction\/#breadcrumb","itemListElement":[{"@type":"ListItem","position":1,"name":"In\u00edcio","item":"https:\/\/mdessintechnique.ch\/"},{"@type":"ListItem","position":2,"name":"CONTACTEZ-NOUS"}]},{"@type":"WebSite","@id":"https:\/\/mdessintechnique.ch\/#website","url":"https:\/\/mdessintechnique.ch\/","name":"Mdessin Technique S\u00c0RL","description":"SERVI\u00c7OS PARA ENGENHEIROS DE ENGENHARIA CIVIL E BET\u00c3O ARMADO","publisher":{"@id":"https:\/\/mdessintechnique.ch\/#organization"},"potentialAction":[{"@type":"SearchAction","target":{"@type":"EntryPoint","urlTemplate":"https:\/\/mdessintechnique.ch\/?s={search_term_string}"},"query-input":{"@type":"PropertyValueSpecification","valueRequired":true,"valueName":"search_term_string"}}],"inLanguage":"pt-PT"},{"@type":"Organization","@id":"https:\/\/mdessintechnique.ch\/#organization","name":"Mdessin Technique S\u00c0RL","url":"https:\/\/mdessintechnique.ch\/","logo":{"@type":"ImageObject","inLanguage":"pt-PT","@id":"https:\/\/mdessintechnique.ch\/#\/schema\/logo\/image\/","url":"https:\/\/mdessintechnique.ch\/wp-content\/uploads\/2021\/09\/cropped-mdessign-logo-1.png","contentUrl":"https:\/\/mdessintechnique.ch\/wp-content\/uploads\/2021\/09\/cropped-mdessign-logo-1.png","width":1200,"height":324,"caption":"Mdessin Technique S\u00c0RL"},"image":{"@id":"https:\/\/mdessintechnique.ch\/#\/schema\/logo\/image\/"}}]}},"_links":{"self":[{"href":"https:\/\/mdessintechnique.ch\/pt\/wp-json\/wp\/v2\/pages\/2538","targetHints":{"allow":["GET"]}}],"collection":[{"href":"https:\/\/mdessintechnique.ch\/pt\/wp-json\/wp\/v2\/pages"}],"about":[{"href":"https:\/\/mdessintechnique.ch\/pt\/wp-json\/wp\/v2\/types\/page"}],"author":[{"embeddable":true,"href":"https:\/\/mdessintechnique.ch\/pt\/wp-json\/wp\/v2\/users\/2"}],"replies":[{"embeddable":true,"href":"https:\/\/mdessintechnique.ch\/pt\/wp-json\/wp\/v2\/comments?post=2538"}],"version-history":[{"count":5,"href":"https:\/\/mdessintechnique.ch\/pt\/wp-json\/wp\/v2\/pages\/2538\/revisions"}],"predecessor-version":[{"id":2935,"href":"https:\/\/mdessintechnique.ch\/pt\/wp-json\/wp\/v2\/pages\/2538\/revisions\/2935"}],"wp:attachment":[{"href":"https:\/\/mdessintechnique.ch\/pt\/wp-json\/wp\/v2\/media?parent=2538"}],"curies":[{"name":"wp","href":"https:\/\/api.w.org\/{rel}","templated":true}]}}